{"id":1358,"date":"2025-02-11T04:44:16","date_gmt":"2025-02-11T07:44:16","guid":{"rendered":"https:\/\/financecch.com\/?page_id=1358"},"modified":"2025-10-13T00:31:17","modified_gmt":"2025-10-13T03:31:17","slug":"cookies-policy","status":"publish","type":"page","link":"https:\/\/financecch.com\/en\/cookies-policy\/","title":{"rendered":"Cookie Policy"},"content":{"rendered":"[et_pb_section fb_built=&#8221;1&#8243; admin_label=&#8221;section&#8221; _builder_version=&#8221;4.16&#8243; global_colors_info=&#8221;{}&#8221;][et_pb_row admin_label=&#8221;row&#8221; _builder_version=&#8221;4.16&#8243; background_size=&#8221;initial&#8221; background_position=&#8221;top_left&#8221; background_repeat=&#8221;repeat&#8221; global_colors_info=&#8221;{}&#8221;][et_pb_column type=&#8221;4_4&#8243; _builder_version=&#8221;4.16&#8243; custom_padding=&#8221;|||&#8221; global_colors_info=&#8221;{}&#8221; custom_padding__hover=&#8221;|||&#8221;][et_pb_text _builder_version=&#8221;4.27.4&#8243; _module_preset=&#8221;default&#8221; hover_enabled=&#8221;0&#8243; global_colors_info=&#8221;{}&#8221; sticky_enabled=&#8221;0&#8243;]<h1><b>Pol\u00edtica de Cookies de Finance By Cleefcompany<\/b><\/h1>\n<ol>\n<li style=\"font-weight: 400;\" aria-level=\"1\"><b>Introduction<\/b><b><br \/><\/b><span style=\"font-weight: 400;\"> Esta Pol\u00edtica de Cookies explica c\u00f3mo Finance (<\/span><a href=\"https:\/\/financecch.com\/en\/\"><span style=\"font-weight: 400;\">https:\/\/financecch.com\/<\/span><\/a><span style=\"font-weight: 400;\">) uses cookies and similar technologies to improve user experience. By accessing and using our platform, you agree to the use of cookies in accordance with this policy.<\/span><\/li>\n<li style=\"font-weight: 400;\" aria-level=\"1\"><b>What are Cookies?<\/b><b><br \/><\/b><span style=\"font-weight: 400;\"> Cookies are small text files that are stored on your device when you visit a website. These cookies allow us to remember information about your browsing, preferences and other settings.<\/span><\/li>\n<li style=\"font-weight: 400;\" aria-level=\"1\"><b>Types of Cookies We Use<\/b><\/li>\n<ul>\n<li style=\"font-weight: 400;\" aria-level=\"2\"><b>Essential Cookies:<\/b><span style=\"font-weight: 400;\"> Necessary for the operation of the website and cannot be disabled.<\/span><\/li>\n<li style=\"font-weight: 400;\" aria-level=\"2\"><b>Performance Cookies:<\/b><span style=\"font-weight: 400;\"> They collect information about the use of the website to improve its operation.<\/span><\/li>\n<li style=\"font-weight: 400;\" aria-level=\"2\"><b>Functionality Cookies:<\/b><span style=\"font-weight: 400;\"> They allow user preferences to be remembered, such as language or settings.<\/span><\/li>\n<li style=\"font-weight: 400;\" aria-level=\"2\"><b>Advertising and Third Party Cookies:<\/b><span style=\"font-weight: 400;\"> They are used to display relevant ads and may be managed by third parties such as Google Ads or Amazon Affiliates.<\/span><\/li>\n<\/ul>\n<li style=\"font-weight: 400;\" aria-level=\"1\"><b>Use of Third Party Cookies<\/b><b><br \/><\/b><span style=\"font-weight: 400;\"> Finance puede incluir cookies de terceros para fines de publicidad, an\u00e1lisis y personalizaci\u00f3n de contenido. No tenemos control sobre estas cookies, por lo que recomendamos revisar sus respectivas pol\u00edticas de privacidad y cookies.<\/span><\/li>\n<li style=\"font-weight: 400;\" aria-level=\"1\"><b>Cookie Management and Configuration<\/b><b><br \/><\/b><span style=\"font-weight: 400;\"> Users can manage and disable cookies through their browser settings. Please note that disabling certain cookies may affect the functioning of the platform.<\/span><\/li>\n<li style=\"font-weight: 400;\" aria-level=\"1\"><b>Modifications to the Cookies Policy<\/b><b><br \/><\/b><span style=\"font-weight: 400;\"> We reserve the right to modify this policy at any time. Any changes will be posted on this page, and your continued use of the site will constitute acceptance of the changes.<\/span><\/li>\n<li style=\"font-weight: 400;\" aria-level=\"1\"><b>Contact<\/b><b><br \/><\/b><span style=\"font-weight: 400;\"> If you have any questions about this Cookie Policy, you can contact us through our<\/span><a href=\"https:\/\/financecch.com\/en\/contact\/\"> <span style=\"font-weight: 400;\">contact page.<\/span><\/a><\/li>\n<\/ol>\n<p><b>Fecha de actualizaci\u00f3n: 23 de septiembre de 2025<\/b><\/p>[\/et_pb_text][\/et_pb_column][\/et_pb_row][\/et_pb_section]","protected":false},"excerpt":{"rendered":"<p>Pol\u00edtica de Cookies de Finance By Cleefcompany Introducci\u00f3n Esta Pol\u00edtica de Cookies explica c\u00f3mo Finance (https:\/\/financecch.com\/) utiliza cookies y tecnolog\u00edas similares para mejorar la experiencia del usuario. Al acceder y utilizar nuestra plataforma, usted acepta el uso de cookies conforme a esta pol\u00edtica. \u00bfQu\u00e9 son las Cookies? Las cookies son peque\u00f1os archivos de texto que [&hellip;]<\/p>","protected":false},"author":5,"featured_media":0,"parent":0,"menu_order":3,"comment_status":"closed","ping_status":"closed","template":"","meta":{"_et_pb_use_builder":"on","_et_pb_old_content":"","_et_gb_content_width":"","_monsterinsights_skip_tracking":false,"_monsterinsights_sitenote_active":false,"_monsterinsights_sitenote_note":"","_monsterinsights_sitenote_category":0,"footnotes":""},"class_list":["post-1358","page","type-page","status-publish","hentry"],"_links":{"self":[{"href":"https:\/\/financecch.com\/en\/wp-json\/wp\/v2\/pages\/1358","targetHints":{"allow":["GET"]}}],"collection":[{"href":"https:\/\/financecch.com\/en\/wp-json\/wp\/v2\/pages"}],"about":[{"href":"https:\/\/financecch.com\/en\/wp-json\/wp\/v2\/types\/page"}],"author":[{"embeddable":true,"href":"https:\/\/financecch.com\/en\/wp-json\/wp\/v2\/users\/5"}],"replies":[{"embeddable":true,"href":"https:\/\/financecch.com\/en\/wp-json\/wp\/v2\/comments?post=1358"}],"version-history":[{"count":6,"href":"https:\/\/financecch.com\/en\/wp-json\/wp\/v2\/pages\/1358\/revisions"}],"predecessor-version":[{"id":4781,"href":"https:\/\/financecch.com\/en\/wp-json\/wp\/v2\/pages\/1358\/revisions\/4781"}],"wp:attachment":[{"href":"https:\/\/financecch.com\/en\/wp-json\/wp\/v2\/media?parent=1358"}],"curies":[{"name":"wp","href":"https:\/\/api.w.org\/{rel}","templated":true}]}}