{"id":186,"date":"2024-08-16T05:04:07","date_gmt":"2024-08-16T05:04:07","guid":{"rendered":"https:\/\/financecch.com\/?page_id=186"},"modified":"2025-10-13T00:25:41","modified_gmt":"2025-10-13T03:25:41","slug":"terms-and-conditions","status":"publish","type":"page","link":"https:\/\/financecch.com\/en\/terms-and-conditions\/","title":{"rendered":"Terms and Conditions"},"content":{"rendered":"[et_pb_section fb_built=&#8221;1&#8243; _builder_version=&#8221;4.27.0&#8243; _module_preset=&#8221;default&#8221; global_colors_info=&#8221;{}&#8221;][et_pb_row _builder_version=&#8221;4.27.0&#8243; _module_preset=&#8221;default&#8221; global_colors_info=&#8221;{}&#8221;][et_pb_column type=&#8221;4_4&#8243; _builder_version=&#8221;4.27.0&#8243; _module_preset=&#8221;default&#8221; global_colors_info=&#8221;{}&#8221;][et_pb_text _builder_version=&#8221;4.27.4&#8243; _module_preset=&#8221;default&#8221; hover_enabled=&#8221;0&#8243; global_colors_info=&#8221;{}&#8221; sticky_enabled=&#8221;0&#8243;]<h1><b>T\u00e9rminos y Condiciones De Finance By Cleefcompany<\/b><\/h1>\n<ol>\n<li style=\"font-weight: 400;\" aria-level=\"1\"><b>Introduction<\/b><b><br \/><\/b><span style=\"font-weight: 400;\"> Al utilizar Finance (<\/span><a href=\"https:\/\/financecch.com\/en\/\"><span style=\"font-weight: 400;\">https:\/\/financecch.com\/<\/span><\/a><span style=\"font-weight: 400;\">), a service provided by Cleefcompany SpA, you confirm your acceptance of these terms and conditions. Cleefcompany SpA is an entity legally registered in Chile.<\/span><\/li>\n<li style=\"font-weight: 400;\" aria-level=\"1\"><b>Acceptance of Terms<\/b><b><br \/><\/b><span style=\"font-weight: 400;\"> El presente acuerdo entra en vigor en la fecha en que usted acceda o utilice los servicios de Finance. El uso continuo de la plataforma implica la aceptaci\u00f3n de cualquier cambio en estos t\u00e9rminos y condiciones.<\/span><\/li>\n<li style=\"font-weight: 400;\" aria-level=\"1\"><b>Software License<\/b><b><br \/><\/b><span style=\"font-weight: 400;\"> Finance, operado por Cleefcompany SpA, otorga una licencia limitada, no transferible y revocable para el uso de las herramientas y servicios proporcionados en la plataforma. El incumplimiento de estos t\u00e9rminos podr\u00eda resultar en la revocaci\u00f3n de la licencia.<\/span><\/li>\n<li style=\"font-weight: 400;\" aria-level=\"1\"><b>Personal Data Management<\/b><b><br \/><\/b><span style=\"font-weight: 400;\"> Cleefcompany SpA complies with data protection laws, including the GDPR. The data collected is used exclusively to improve services and may be deleted at the user&#039;s request.<\/span><\/li>\n<li style=\"font-weight: 400;\" aria-level=\"1\"><b>Disclaimer<\/b><b><br \/><\/b><span style=\"font-weight: 400;\"> Finance se proporciona &#8220;tal cual&#8221; y sin garant\u00edas de ning\u00fan tipo. Cleefcompany SpA no garantiza que el servicio cumplir\u00e1 con sus necesidades espec\u00edficas o que estar\u00e1 libre de errores o interrupciones.<\/span><\/li>\n<li style=\"font-weight: 400;\" aria-level=\"1\"><b>Limits of Liability<\/b><b><br \/><\/b><span style=\"font-weight: 400;\"> Cleefcompany SpA shall not be liable for any indirect, incidental or consequential damages, including loss of data or profits arising from the use of the platform. Cleefcompany SpA&#039;s total liability is limited to free access to the platform.<\/span><\/li>\n<li style=\"font-weight: 400;\" aria-level=\"1\"><b>User Responsibilities<\/b><b><br \/><\/b><span style=\"font-weight: 400;\"> Users are responsible for the proper use of the platform and the content entered into it. Any improper use may result in the suspension or cancellation of access to the service.<\/span><\/li>\n<li style=\"font-weight: 400;\" aria-level=\"1\"><b>Links to Third Party Sites<\/b><b><br \/><\/b><span style=\"font-weight: 400;\"> Finance puede contener enlaces a sitios web de terceros, incluyendo anuncios y enlaces de afiliados como Amazon u otros. Cleefcompany SpA no tiene control sobre los t\u00e9rminos y condiciones ni la pol\u00edtica de privacidad de estos sitios web. Al hacer clic en un enlace externo, el usuario acepta que Cleefcompany SpA no es responsable por el contenido o servicios ofrecidos en esos sitios.<\/span><\/li>\n<li style=\"font-weight: 400;\" aria-level=\"1\"><b>Dispute Resolution<\/b><b><br \/><\/b><span style=\"font-weight: 400;\"> Any dispute relating to these terms and conditions will be resolved by arbitration in Chile, in accordance with the applicable legislation in the country.<\/span><\/li>\n<li style=\"font-weight: 400;\" aria-level=\"1\"><b>Applicable Legislation<\/b><b><br \/><\/b><span style=\"font-weight: 400;\"> Este acuerdo se rige por las leyes de Chile y aplica a todas las interacciones entre el usuario y Finance.<\/span><\/li>\n<\/ol>\n<p><b>Update date:<\/b><span style=\"font-weight: 400;\"> 23 de septiembre de 2025<\/span><\/p>\n<h1>\n<\/h1>[\/et_pb_text][\/et_pb_column][\/et_pb_row][\/et_pb_section]","protected":false},"excerpt":{"rendered":"<p>T\u00e9rminos y Condiciones De Finance By Cleefcompany Introducci\u00f3n Al utilizar Finance (https:\/\/financecch.com\/), un servicio proporcionado por Cleefcompany SpA, usted confirma su aceptaci\u00f3n de estos t\u00e9rminos y condiciones. Cleefcompany SpA es una entidad legalmente registrada en Chile. Aceptaci\u00f3n de los T\u00e9rminos El presente acuerdo entra en vigor en la fecha en que usted acceda o utilice [&hellip;]<\/p>","protected":false},"author":5,"featured_media":0,"parent":0,"menu_order":0,"comment_status":"closed","ping_status":"closed","template":"","meta":{"_et_pb_use_builder":"on","_et_pb_old_content":"","_et_gb_content_width":"","_monsterinsights_skip_tracking":false,"_monsterinsights_sitenote_active":false,"_monsterinsights_sitenote_note":"","_monsterinsights_sitenote_category":0,"footnotes":""},"class_list":["post-186","page","type-page","status-publish","hentry"],"_links":{"self":[{"href":"https:\/\/financecch.com\/en\/wp-json\/wp\/v2\/pages\/186","targetHints":{"allow":["GET"]}}],"collection":[{"href":"https:\/\/financecch.com\/en\/wp-json\/wp\/v2\/pages"}],"about":[{"href":"https:\/\/financecch.com\/en\/wp-json\/wp\/v2\/types\/page"}],"author":[{"embeddable":true,"href":"https:\/\/financecch.com\/en\/wp-json\/wp\/v2\/users\/5"}],"replies":[{"embeddable":true,"href":"https:\/\/financecch.com\/en\/wp-json\/wp\/v2\/comments?post=186"}],"version-history":[{"count":13,"href":"https:\/\/financecch.com\/en\/wp-json\/wp\/v2\/pages\/186\/revisions"}],"predecessor-version":[{"id":4776,"href":"https:\/\/financecch.com\/en\/wp-json\/wp\/v2\/pages\/186\/revisions\/4776"}],"wp:attachment":[{"href":"https:\/\/financecch.com\/en\/wp-json\/wp\/v2\/media?parent=186"}],"curies":[{"name":"wp","href":"https:\/\/api.w.org\/{rel}","templated":true}]}}