{"id":3461,"date":"2025-04-10T01:16:34","date_gmt":"2025-04-10T05:16:34","guid":{"rendered":"https:\/\/financecch.com\/?page_id=3461"},"modified":"2025-10-13T00:28:22","modified_gmt":"2025-10-13T03:28:22","slug":"about-us","status":"publish","type":"page","link":"https:\/\/financecch.com\/en\/about-us\/","title":{"rendered":"Acerca de Nosotros | Finance by Cleefcompany"},"content":{"rendered":"[et_pb_section fb_built=&#8221;1&#8243; _builder_version=&#8221;4.27.0&#8243; _module_preset=&#8221;default&#8221; global_colors_info=&#8221;{}&#8221;][et_pb_row _builder_version=&#8221;4.27.0&#8243; _module_preset=&#8221;default&#8221; global_colors_info=&#8221;{}&#8221;][et_pb_column type=&#8221;4_4&#8243; _builder_version=&#8221;4.27.0&#8243; _module_preset=&#8221;default&#8221; global_colors_info=&#8221;{}&#8221;][et_pb_text _builder_version=&#8221;4.27.4&#8243; _module_preset=&#8221;default&#8221; hover_enabled=&#8221;0&#8243; global_colors_info=&#8221;{}&#8221; sticky_enabled=&#8221;0&#8243;]<h1><b>ACERCA DE NOSOTROS | FINANCE BY CLEEFCOMPANY<\/b><\/h1>\n<h2><b>Bienvenido a Finance by Cleefcompany<\/b><\/h2>\n<p><span style=\"font-weight: 400;\">Finance by Cleefcompany es una plataforma gratuita que pone a tu disposici\u00f3n una amplia variedad de herramientas pensadas para diferentes industrias y necesidades personales: desde finanzas, negocios, marketing, hasta herramientas especializadas para emprendedores y profesionales.<\/span><\/p>\n<p><span style=\"font-weight: 400;\">Nuestro objetivo es facilitar la toma de decisiones y el an\u00e1lisis r\u00e1pido mediante informaci\u00f3n online que combina precisi\u00f3n, velocidad y una interfaz simple para todo tipo de usuarios.<\/span><\/p>\n<h2><b>Who are we?<\/b><\/h2>\n<p><span style=\"font-weight: 400;\">Finance es un proyecto desarrollado por <\/span><b>Cleefcompany SpA<\/b><span style=\"font-weight: 400;\">, a company registered in Chile that promotes digital solutions to improve people&#039;s daily lives and optimize business efficiency.<\/span><\/p>\n<p><span style=\"font-weight: 400;\">Cleefcompany SpA is dedicated to creating useful tools, automations, and resources that can be easily accessed without registration or payment.<\/span><\/p>\n<h2><b>Why do we offer these tools for free?<\/b><\/h2>\n<p><span style=\"font-weight: 400;\">We believe in the power of open access to information and knowledge. Our platform is free because we monetize through strategic partnerships, advertising (such as Google AdSense), and affiliate programs (such as Amazon). This allows us to maintain the quality of our service without costing our users.<\/span><\/p>\n<h2><b>Our commitment<\/b><\/h2>\n<ul>\n<li style=\"font-weight: 400;\" aria-level=\"1\"><span style=\"font-weight: 400;\">Keep the platform secure, accessible, and hassle-free.<\/span><\/li>\n<li style=\"font-weight: 400;\" aria-level=\"1\"><span style=\"font-weight: 400;\">Regularly update tools to provide greater accuracy.<\/span><\/li>\n<li style=\"font-weight: 400;\" aria-level=\"1\"><span style=\"font-weight: 400;\">Protect your privacy and personal data.<\/span><\/li>\n<li style=\"font-weight: 400;\" aria-level=\"1\"><span style=\"font-weight: 400;\">Respond to the needs of our users and be open to suggestions.<\/span><\/li>\n<\/ul>\n<h2><b>Contact<\/b><\/h2>\n<p><span style=\"font-weight: 400;\">If you would like to know more about our project, collaborate with us or make suggestions, you can write to us directly through the form.<\/span><a href=\"https:\/\/financecch.com\/en\/contact\/\"> <span style=\"font-weight: 400;\">contact<\/span><\/a><span style=\"font-weight: 400;\"> on our website.<\/span><\/p>\n<p><span style=\"font-weight: 400;\">Gracias por confiar en Finance by Cleefcompany. Estamos aqu\u00ed para ayudarte a ser rico y vivir m\u00e1s f\u00e1cil.<\/span><\/p>\n<p><b>Note for users and advertisers<\/b><span style=\"font-weight: 400;\">This page is eligible for monetization with Google AdSense and other similar platforms. We use tracking tools and external links as described in our Privacy and Cookie Policies.<\/span><\/p>\n<h1>\n<\/h1>[\/et_pb_text][\/et_pb_column][\/et_pb_row][\/et_pb_section]","protected":false},"excerpt":{"rendered":"<p>ACERCA DE NOSOTROS | FINANCE BY CLEEFCOMPANY Bienvenido a Finance by Cleefcompany Finance by Cleefcompany es una plataforma gratuita que pone a tu disposici\u00f3n una amplia variedad de herramientas pensadas para diferentes industrias y necesidades personales: desde finanzas, negocios, marketing, hasta herramientas especializadas para emprendedores y profesionales. Nuestro objetivo es facilitar la toma de decisiones [&hellip;]<\/p>","protected":false},"author":5,"featured_media":1200,"parent":0,"menu_order":0,"comment_status":"closed","ping_status":"closed","template":"","meta":{"_et_pb_use_builder":"on","_et_pb_old_content":"","_et_gb_content_width":"","_monsterinsights_skip_tracking":false,"_monsterinsights_sitenote_active":false,"_monsterinsights_sitenote_note":"","_monsterinsights_sitenote_category":0,"footnotes":""},"class_list":["post-3461","page","type-page","status-publish","has-post-thumbnail","hentry"],"_links":{"self":[{"href":"https:\/\/financecch.com\/en\/wp-json\/wp\/v2\/pages\/3461","targetHints":{"allow":["GET"]}}],"collection":[{"href":"https:\/\/financecch.com\/en\/wp-json\/wp\/v2\/pages"}],"about":[{"href":"https:\/\/financecch.com\/en\/wp-json\/wp\/v2\/types\/page"}],"author":[{"embeddable":true,"href":"https:\/\/financecch.com\/en\/wp-json\/wp\/v2\/users\/5"}],"replies":[{"embeddable":true,"href":"https:\/\/financecch.com\/en\/wp-json\/wp\/v2\/comments?post=3461"}],"version-history":[{"count":5,"href":"https:\/\/financecch.com\/en\/wp-json\/wp\/v2\/pages\/3461\/revisions"}],"predecessor-version":[{"id":4780,"href":"https:\/\/financecch.com\/en\/wp-json\/wp\/v2\/pages\/3461\/revisions\/4780"}],"wp:featuredmedia":[{"embeddable":true,"href":"https:\/\/financecch.com\/en\/wp-json\/wp\/v2\/media\/1200"}],"wp:attachment":[{"href":"https:\/\/financecch.com\/en\/wp-json\/wp\/v2\/media?parent=3461"}],"curies":[{"name":"wp","href":"https:\/\/api.w.org\/{rel}","templated":true}]}}